{"id":6,"date":"2012-06-02T16:35:39","date_gmt":"2012-06-02T16:35:39","guid":{"rendered":"http:\/\/dmanh.com\/wpd\/?page_id=6"},"modified":"2020-05-15T10:37:53","modified_gmt":"2020-05-15T13:37:53","slug":"home","status":"publish","type":"page","link":"https:\/\/beluco.ind.br\/site\/","title":{"rendered":"Home"},"content":{"rendered":"<div class=\"clear\"><\/div>\n<div class=\"one-third first\">\n<h1 class=\"cufon first-word double-color \">Tradi\u00e7\u00e3o e qualidade desde 1970!<\/h1>\n<div class=\"border-frame \" style=\"padding:5px;\"><a href=\"http:\/\/www.beluco.ind.br\/site\/a-empresa\" target=\"_self\" rel=\"noopener noreferrer\"><img loading=\"lazy\" class=\"alignnone size-full wp-image-909\" title=\"Tradi\u00e7\u00e3o e qualidade desde 1970!\" src=\"https:\/\/beluco.ind.br\/site\/midia\/2020\/05\/home_tradicao.jpg\" alt=\"beluco\" width=\"590\" height=\"277\"><\/a><\/div>\n<p><a href=\"http:\/\/www.beluco.ind.br\/site\/a-empresa\/\" target=\"_self\" class=\"read-more\" title=\"Detalhes\">Detalhes<\/a>\n<\/div>\n<div class=\"one-third\">\n<h1 class=\"cufon first-word double-color \">Comprometimento com o seu projeto!<\/h1>\n<div class=\"border-frame \" style=\"padding:5px;\"><a href=\"http:\/\/www.beluco.ind.br\/site\/projetos\/\" target=\"_self\" rel=\"noopener noreferrer\"><img title=\"Comprometimento com o seu projeto!\" src=\"https:\/\/beluco.ind.br\/site\/midia\/2020\/05\/home_comprometimento.jpg\" alt=\"beluco\"><\/a><\/div>\n<p><a href=\"http:\/\/www.beluco.ind.br\/site\/projetos\/\" target=\"_self\" class=\"read-more\" title=\"Detalhes\">Detalhes<\/a>\n<\/div>\n<div class=\"one-third\">\n<h1 class=\"cufon first-word double-color \">Solu\u00e7\u00f5es que voc\u00ea precisa!<\/h1>\n<div class=\"border-frame \" style=\"padding:5px;\"><a href=\"http:\/\/www.beluco.ind.br\/site\/servicos\/\" target=\"_self\" rel=\"noopener noreferrer\"><img loading=\"lazy\" class=\"alignnone size-full wp-image-909\" title=\"Solu\u00e7\u00f5es que voc\u00ea precisa!\" src=\" https:\/\/beluco.ind.br\/site\/midia\/2020\/05\/home_solucoes.jpg\" alt=\"beluco\" width=\"590\" height=\"277\"><\/a><\/div>\n<p><a href=\"http:\/\/www.beluco.ind.br\/site\/servicos\/\" target=\"_self\" class=\"read-more\" title=\"Detalhes\">Detalhes<\/a>\n<\/div>\n","protected":false},"excerpt":{"rendered":"","protected":false},"author":1,"featured_media":0,"parent":0,"menu_order":0,"comment_status":"open","ping_status":"open","template":"template-home.php","meta":{"ngg_post_thumbnail":0},"yoast_head":"<!-- This site is optimized with the Yoast SEO plugin v19.14 - https:\/\/yoast.com\/wordpress\/plugins\/seo\/ -->\n<title>Beluco Estruturas Met\u00e1licas Cianorte - (44) 3631-8282<\/title>\n<meta name=\"description\" content=\"Empresa Beluco pioneira e tradicional no segmento de ESTRUTURAS METALICAS, FUNILARIA, SERRALHERIA, RESERVAT\u00d3RIOS E LOCA\u00c7\u00c3O DE MUNCK E GUINDASTES\" \/>\n<meta name=\"robots\" content=\"index, follow, max-snippet:-1, max-image-preview:large, max-video-preview:-1\" \/>\n<link rel=\"canonical\" href=\"https:\/\/beluco.ind.br\/site\/\" \/>\n<meta property=\"og:locale\" content=\"pt_BR\" \/>\n<meta property=\"og:type\" content=\"article\" \/>\n<meta property=\"og:title\" content=\"Beluco Estruturas Met\u00e1licas Cianorte - (44) 3631-8282\" \/>\n<meta property=\"og:description\" content=\"Empresa Beluco pioneira e tradicional no segmento de ESTRUTURAS METALICAS, FUNILARIA, SERRALHERIA, RESERVAT\u00d3RIOS E LOCA\u00c7\u00c3O DE MUNCK E GUINDASTES\" \/>\n<meta property=\"og:url\" content=\"https:\/\/beluco.ind.br\/site\/\" \/>\n<meta property=\"og:site_name\" content=\"Beluco\" \/>\n<meta property=\"article:modified_time\" content=\"2020-05-15T13:37:53+00:00\" \/>\n<meta property=\"og:image\" content=\"https:\/\/beluco.ind.br\/site\/midia\/2020\/05\/home_tradicao.jpg\" \/>\n<meta name=\"twitter:card\" content=\"summary_large_image\" \/>\n<meta name=\"twitter:label1\" content=\"Est. tempo de leitura\" \/>\n\t<meta name=\"twitter:data1\" content=\"1 minuto\" \/>\n<script type=\"application\/ld+json\" class=\"yoast-schema-graph\">{\"@context\":\"https:\/\/schema.org\",\"@graph\":[{\"@type\":\"WebPage\",\"@id\":\"https:\/\/beluco.ind.br\/site\/\",\"url\":\"https:\/\/beluco.ind.br\/site\/\",\"name\":\"Beluco Estruturas Met\u00e1licas Cianorte - (44) 3631-8282\",\"isPartOf\":{\"@id\":\"https:\/\/beluco.ind.br\/site\/#website\"},\"datePublished\":\"2012-06-02T16:35:39+00:00\",\"dateModified\":\"2020-05-15T13:37:53+00:00\",\"description\":\"Empresa Beluco pioneira e tradicional no segmento de ESTRUTURAS METALICAS, FUNILARIA, SERRALHERIA, RESERVAT\u00d3RIOS E LOCA\u00c7\u00c3O DE MUNCK E GUINDASTES\",\"breadcrumb\":{\"@id\":\"https:\/\/beluco.ind.br\/site\/#breadcrumb\"},\"inLanguage\":\"pt-BR\",\"potentialAction\":[{\"@type\":\"ReadAction\",\"target\":[\"https:\/\/beluco.ind.br\/site\/\"]}]},{\"@type\":\"BreadcrumbList\",\"@id\":\"https:\/\/beluco.ind.br\/site\/#breadcrumb\",\"itemListElement\":[{\"@type\":\"ListItem\",\"position\":1,\"name\":\"Home\",\"item\":\"https:\/\/beluco.ind.br\/site\/\"},{\"@type\":\"ListItem\",\"position\":2,\"name\":\"Home\"}]},{\"@type\":\"WebSite\",\"@id\":\"https:\/\/beluco.ind.br\/site\/#website\",\"url\":\"https:\/\/beluco.ind.br\/site\/\",\"name\":\"Beluco\",\"description\":\"Estruturas Met\u00e1licas\",\"potentialAction\":[{\"@type\":\"SearchAction\",\"target\":{\"@type\":\"EntryPoint\",\"urlTemplate\":\"https:\/\/beluco.ind.br\/site\/?s={search_term_string}\"},\"query-input\":\"required name=search_term_string\"}],\"inLanguage\":\"pt-BR\"}]}<\/script>\n<!-- \/ Yoast SEO plugin. -->","yoast_head_json":{"title":"Beluco Estruturas Met\u00e1licas Cianorte - (44) 3631-8282","description":"Empresa Beluco pioneira e tradicional no segmento de ESTRUTURAS METALICAS, FUNILARIA, SERRALHERIA, RESERVAT\u00d3RIOS E LOCA\u00c7\u00c3O DE MUNCK E GUINDASTES","robots":{"index":"index","follow":"follow","max-snippet":"max-snippet:-1","max-image-preview":"max-image-preview:large","max-video-preview":"max-video-preview:-1"},"canonical":"https:\/\/beluco.ind.br\/site\/","og_locale":"pt_BR","og_type":"article","og_title":"Beluco Estruturas Met\u00e1licas Cianorte - (44) 3631-8282","og_description":"Empresa Beluco pioneira e tradicional no segmento de ESTRUTURAS METALICAS, FUNILARIA, SERRALHERIA, RESERVAT\u00d3RIOS E LOCA\u00c7\u00c3O DE MUNCK E GUINDASTES","og_url":"https:\/\/beluco.ind.br\/site\/","og_site_name":"Beluco","article_modified_time":"2020-05-15T13:37:53+00:00","og_image":[{"url":"https:\/\/beluco.ind.br\/site\/midia\/2020\/05\/home_tradicao.jpg"}],"twitter_card":"summary_large_image","twitter_misc":{"Est. tempo de leitura":"1 minuto"},"schema":{"@context":"https:\/\/schema.org","@graph":[{"@type":"WebPage","@id":"https:\/\/beluco.ind.br\/site\/","url":"https:\/\/beluco.ind.br\/site\/","name":"Beluco Estruturas Met\u00e1licas Cianorte - (44) 3631-8282","isPartOf":{"@id":"https:\/\/beluco.ind.br\/site\/#website"},"datePublished":"2012-06-02T16:35:39+00:00","dateModified":"2020-05-15T13:37:53+00:00","description":"Empresa Beluco pioneira e tradicional no segmento de ESTRUTURAS METALICAS, FUNILARIA, SERRALHERIA, RESERVAT\u00d3RIOS E LOCA\u00c7\u00c3O DE MUNCK E GUINDASTES","breadcrumb":{"@id":"https:\/\/beluco.ind.br\/site\/#breadcrumb"},"inLanguage":"pt-BR","potentialAction":[{"@type":"ReadAction","target":["https:\/\/beluco.ind.br\/site\/"]}]},{"@type":"BreadcrumbList","@id":"https:\/\/beluco.ind.br\/site\/#breadcrumb","itemListElement":[{"@type":"ListItem","position":1,"name":"Home","item":"https:\/\/beluco.ind.br\/site\/"},{"@type":"ListItem","position":2,"name":"Home"}]},{"@type":"WebSite","@id":"https:\/\/beluco.ind.br\/site\/#website","url":"https:\/\/beluco.ind.br\/site\/","name":"Beluco","description":"Estruturas Met\u00e1licas","potentialAction":[{"@type":"SearchAction","target":{"@type":"EntryPoint","urlTemplate":"https:\/\/beluco.ind.br\/site\/?s={search_term_string}"},"query-input":"required name=search_term_string"}],"inLanguage":"pt-BR"}]}},"_links":{"self":[{"href":"https:\/\/beluco.ind.br\/site\/wp-json\/wp\/v2\/pages\/6"}],"collection":[{"href":"https:\/\/beluco.ind.br\/site\/wp-json\/wp\/v2\/pages"}],"about":[{"href":"https:\/\/beluco.ind.br\/site\/wp-json\/wp\/v2\/types\/page"}],"author":[{"embeddable":true,"href":"https:\/\/beluco.ind.br\/site\/wp-json\/wp\/v2\/users\/1"}],"replies":[{"embeddable":true,"href":"https:\/\/beluco.ind.br\/site\/wp-json\/wp\/v2\/comments?post=6"}],"version-history":[{"count":2,"href":"https:\/\/beluco.ind.br\/site\/wp-json\/wp\/v2\/pages\/6\/revisions"}],"predecessor-version":[{"id":1381,"href":"https:\/\/beluco.ind.br\/site\/wp-json\/wp\/v2\/pages\/6\/revisions\/1381"}],"wp:attachment":[{"href":"https:\/\/beluco.ind.br\/site\/wp-json\/wp\/v2\/media?parent=6"}],"curies":[{"name":"wp","href":"https:\/\/api.w.org\/{rel}","templated":true}]}}