{"id":1057,"date":"2012-08-28T19:05:02","date_gmt":"2012-08-28T19:05:02","guid":{"rendered":"http:\/\/www.beluco.ind.br\/site\/?page_id=1057"},"modified":"2012-08-28T19:32:37","modified_gmt":"2012-08-28T19:32:37","slug":"mapa-de-localizacao","status":"publish","type":"page","link":"https:\/\/beluco.ind.br\/site\/mapa-de-localizacao\/","title":{"rendered":"Mapa de localiza\u00e7\u00e3o"},"content":{"rendered":"<h3>Localiza\u00e7\u00e3o da Beluco Estruturas Met\u00e1licas<\/h3>\n<div class=\"border-frame \" style=\"padding:7px;\"><script type=\"text\/javascript\">jQuery(document).ready(function($){$(\"#md_google_map_39\").gMap({latitude: -23.660337,maptype:\"ROADMAP\",longitude: -52.599224,address: \"Avenida Goi\u00e1s 1700, Parana, Brazil\",zoom: 17,controls: {panControl: true,zoomControl: true,mapTypeControl: true,scaleControl: true,streetViewControl: true,overviewMapControl: true},markers:[{icon: {image: \"http:\/\/www.beluco.ind.br\/site\/midia\/2012\/06\/map-point1.png\",iconsize: [150, 100],iconanchor: [50,110]},latitude: -23.660337,longitude: -52.599224,address: \"Avenida Goi\u00e1s 1700, Parana, Brazil\",html: \"Avenida Goi\u00e1s 1423<br \/>Centro CEP 87200-000 - Cianorte\/PR\",popup: false}]});});<\/script><\/p>\n<div id=\"md_google_map_39\" class=\"md-google-map\" style=\"width:100%;height:500px\"><\/div>\n<\/div>\n","protected":false},"excerpt":{"rendered":"<p>&#8230;<\/p>\n","protected":false},"author":1,"featured_media":0,"parent":0,"menu_order":0,"comment_status":"open","ping_status":"open","template":"","meta":{"ngg_post_thumbnail":0},"yoast_head":"<!-- This site is optimized with the Yoast SEO plugin v19.14 - https:\/\/yoast.com\/wordpress\/plugins\/seo\/ -->\n<title>Mapa de localiza\u00e7\u00e3o - Beluco<\/title>\n<meta name=\"robots\" content=\"index, follow, max-snippet:-1, max-image-preview:large, max-video-preview:-1\" \/>\n<link rel=\"canonical\" href=\"https:\/\/beluco.ind.br\/site\/mapa-de-localizacao\/\" \/>\n<meta property=\"og:locale\" content=\"pt_BR\" \/>\n<meta property=\"og:type\" content=\"article\" \/>\n<meta property=\"og:title\" content=\"Mapa de localiza\u00e7\u00e3o - Beluco\" \/>\n<meta property=\"og:description\" content=\"...\" \/>\n<meta property=\"og:url\" content=\"https:\/\/beluco.ind.br\/site\/mapa-de-localizacao\/\" \/>\n<meta property=\"og:site_name\" content=\"Beluco\" \/>\n<meta property=\"article:modified_time\" content=\"2012-08-28T19:32:37+00:00\" \/>\n<meta name=\"twitter:card\" content=\"summary_large_image\" \/>\n<script type=\"application\/ld+json\" class=\"yoast-schema-graph\">{\"@context\":\"https:\/\/schema.org\",\"@graph\":[{\"@type\":\"WebPage\",\"@id\":\"https:\/\/beluco.ind.br\/site\/mapa-de-localizacao\/\",\"url\":\"https:\/\/beluco.ind.br\/site\/mapa-de-localizacao\/\",\"name\":\"Mapa de localiza\u00e7\u00e3o - Beluco\",\"isPartOf\":{\"@id\":\"https:\/\/beluco.ind.br\/site\/#website\"},\"datePublished\":\"2012-08-28T19:05:02+00:00\",\"dateModified\":\"2012-08-28T19:32:37+00:00\",\"breadcrumb\":{\"@id\":\"https:\/\/beluco.ind.br\/site\/mapa-de-localizacao\/#breadcrumb\"},\"inLanguage\":\"pt-BR\",\"potentialAction\":[{\"@type\":\"ReadAction\",\"target\":[\"https:\/\/beluco.ind.br\/site\/mapa-de-localizacao\/\"]}]},{\"@type\":\"BreadcrumbList\",\"@id\":\"https:\/\/beluco.ind.br\/site\/mapa-de-localizacao\/#breadcrumb\",\"itemListElement\":[{\"@type\":\"ListItem\",\"position\":1,\"name\":\"Home\",\"item\":\"https:\/\/beluco.ind.br\/site\/\"},{\"@type\":\"ListItem\",\"position\":2,\"name\":\"Mapa de localiza\u00e7\u00e3o\"}]},{\"@type\":\"WebSite\",\"@id\":\"https:\/\/beluco.ind.br\/site\/#website\",\"url\":\"https:\/\/beluco.ind.br\/site\/\",\"name\":\"Beluco\",\"description\":\"Estruturas Met\u00e1licas\",\"potentialAction\":[{\"@type\":\"SearchAction\",\"target\":{\"@type\":\"EntryPoint\",\"urlTemplate\":\"https:\/\/beluco.ind.br\/site\/?s={search_term_string}\"},\"query-input\":\"required name=search_term_string\"}],\"inLanguage\":\"pt-BR\"}]}<\/script>\n<!-- \/ Yoast SEO plugin. -->","yoast_head_json":{"title":"Mapa de localiza\u00e7\u00e3o - Beluco","robots":{"index":"index","follow":"follow","max-snippet":"max-snippet:-1","max-image-preview":"max-image-preview:large","max-video-preview":"max-video-preview:-1"},"canonical":"https:\/\/beluco.ind.br\/site\/mapa-de-localizacao\/","og_locale":"pt_BR","og_type":"article","og_title":"Mapa de localiza\u00e7\u00e3o - Beluco","og_description":"...","og_url":"https:\/\/beluco.ind.br\/site\/mapa-de-localizacao\/","og_site_name":"Beluco","article_modified_time":"2012-08-28T19:32:37+00:00","twitter_card":"summary_large_image","schema":{"@context":"https:\/\/schema.org","@graph":[{"@type":"WebPage","@id":"https:\/\/beluco.ind.br\/site\/mapa-de-localizacao\/","url":"https:\/\/beluco.ind.br\/site\/mapa-de-localizacao\/","name":"Mapa de localiza\u00e7\u00e3o - Beluco","isPartOf":{"@id":"https:\/\/beluco.ind.br\/site\/#website"},"datePublished":"2012-08-28T19:05:02+00:00","dateModified":"2012-08-28T19:32:37+00:00","breadcrumb":{"@id":"https:\/\/beluco.ind.br\/site\/mapa-de-localizacao\/#breadcrumb"},"inLanguage":"pt-BR","potentialAction":[{"@type":"ReadAction","target":["https:\/\/beluco.ind.br\/site\/mapa-de-localizacao\/"]}]},{"@type":"BreadcrumbList","@id":"https:\/\/beluco.ind.br\/site\/mapa-de-localizacao\/#breadcrumb","itemListElement":[{"@type":"ListItem","position":1,"name":"Home","item":"https:\/\/beluco.ind.br\/site\/"},{"@type":"ListItem","position":2,"name":"Mapa de localiza\u00e7\u00e3o"}]},{"@type":"WebSite","@id":"https:\/\/beluco.ind.br\/site\/#website","url":"https:\/\/beluco.ind.br\/site\/","name":"Beluco","description":"Estruturas Met\u00e1licas","potentialAction":[{"@type":"SearchAction","target":{"@type":"EntryPoint","urlTemplate":"https:\/\/beluco.ind.br\/site\/?s={search_term_string}"},"query-input":"required name=search_term_string"}],"inLanguage":"pt-BR"}]}},"_links":{"self":[{"href":"https:\/\/beluco.ind.br\/site\/wp-json\/wp\/v2\/pages\/1057"}],"collection":[{"href":"https:\/\/beluco.ind.br\/site\/wp-json\/wp\/v2\/pages"}],"about":[{"href":"https:\/\/beluco.ind.br\/site\/wp-json\/wp\/v2\/types\/page"}],"author":[{"embeddable":true,"href":"https:\/\/beluco.ind.br\/site\/wp-json\/wp\/v2\/users\/1"}],"replies":[{"embeddable":true,"href":"https:\/\/beluco.ind.br\/site\/wp-json\/wp\/v2\/comments?post=1057"}],"version-history":[{"count":0,"href":"https:\/\/beluco.ind.br\/site\/wp-json\/wp\/v2\/pages\/1057\/revisions"}],"wp:attachment":[{"href":"https:\/\/beluco.ind.br\/site\/wp-json\/wp\/v2\/media?parent=1057"}],"curies":[{"name":"wp","href":"https:\/\/api.w.org\/{rel}","templated":true}]}}