{"id":1035,"date":"2012-08-28T17:56:56","date_gmt":"2012-08-28T17:56:56","guid":{"rendered":"http:\/\/www.beluco.ind.br\/site\/?page_id=1035"},"modified":"2012-09-18T14:57:21","modified_gmt":"2012-09-18T14:57:21","slug":"a-empresa","status":"publish","type":"page","link":"https:\/\/beluco.ind.br\/site\/a-empresa\/","title":{"rendered":"Hist\u00f3rico"},"content":{"rendered":"<h3>Hist\u00f3rico<\/h3>\n<div align=\"justify\">\n<p>Em fevereiro de 1970 iniciava uma jornada vitoriosa, tudo come\u00e7ou com uma pequena funilaria denominada Santo Ant\u00f4nio, na Rua Ipiranga na cidade de Cianorte \u2013 Pr, que contava com poucas ferramentas, maquin\u00e1- rios simples e uma produ\u00e7\u00e3o praticamente manual, que mesmo assim j\u00e1 prevalecia a qualidade e o bom atendimento.<\/p>\n<p>A empresa familiar possu\u00eda como funcion\u00e1rios praticamente os seus pr\u00f3prios fundadores, o pai Jo\u00e3o Beluco e seus filhos Orac\u00edlio , Ot\u00e1vio e Gerlindo.<\/p>\n<p>Em 1978 a empresa se instalava na Av. Goi\u00e1s, agora para um local mais amplo, vindo a ser conhecida como Irm\u00e3os Beluco, a qual, al\u00e9m de funilaria ampliava suas atividades para serralheria, estruturas met\u00e1licas e futuramente loca\u00e7\u00e3o de munck e guindastes.<\/p>\n<div class=\"border-frame alignleft\" style=\"padding:5px;\"><a title=\"\" href=\"http:\/\/www.beluco.ind.br\/extras\/3.jpg\" rel=\"PrettyPhoto\"><img loading=\"lazy\" src=\"http:\/\/www.beluco.ind.br\/extras\/3.jpg\" alt=\"Beluco Estruturas Metalicas\" width=\"635\" height=\"300\" \/><\/a><\/div>\n<div class=\"border-frame alignleft\" style=\"padding:5px;\"><a title=\"\" href=\"http:\/\/www.beluco.ind.br\/extras\/4.jpg\" rel=\"PrettyPhoto\"><img loading=\"lazy\" src=\"http:\/\/www.beluco.ind.br\/extras\/4.jpg\" width=\"635\" height=\"300\" alt=\"Beluco Estruturas Metalicas\" \/><\/a><\/div>\n<p>Desde ent\u00e3o a empresa vem sendo constru\u00edda com muito esfor\u00e7o e dedica\u00e7\u00e3o por seus pioneiros, os quais conseguiram transform\u00e1-la numa empresa de respeito e credibilidade na regi\u00e3o, passando de gera\u00e7\u00e3o para gera\u00e7\u00e3o.<\/p>\n<div class=\"border-frame alignleft\" style=\"padding:5px;\"><a title=\"\" href=\"http:\/\/www.beluco.ind.br\/extras\/2.jpg\" rel=\"PrettyPhoto\"><img loading=\"lazy\" src=\"http:\/\/www.beluco.ind.br\/extras\/2.jpg\" alt=\"Beluco Estruturas Metalicas\" width=\"635\" height=\"300\" \/><\/a><\/div>\n<p>Atualmente a BELUCO ESTRUTURAS METALICAS \u00e9 com orgulho parte da tradicional Irm\u00e3os Beluco e \u00e9 com grande responsabilidade que assumimos dar continuidade ao seguimento.<br \/>\nMudou o nome, mas os principais valores da empresa n\u00e3o mudaram. A tradi\u00e7\u00e3o e qualidade s\u00e3o votos que assumimos com os nossos clientes em busca pela excel\u00eancia de cada produto e servi\u00e7o.<\/p>\n<h3>Quem Somos<\/h3>\n<p>Empresa pioneira e tradicional no segmento de ESTRUTURAS METALICAS, FUNILARIA, SERRALHERIA, RESERVAT\u00d3RIOS E LOCA\u00c7\u00c3O DE MUNCK E GUINDASTES. Desenvolvemos, fabricamos e montamos produtos e servi\u00e7os destinados a Constru\u00e7\u00e3o Civil, Ind\u00fastrias e Agroneg\u00f3cio, com tecnologia adequada e com padr\u00f5es de qualidade que garantam a satisfa\u00e7\u00e3o do cliente, valorizando os parceiros e colaboradores, respeitando a sociedade e o meio ambiente.\n<\/p><\/div>\n","protected":false},"excerpt":{"rendered":"<p>&#8230;<\/p>\n","protected":false},"author":1,"featured_media":0,"parent":0,"menu_order":0,"comment_status":"open","ping_status":"open","template":"","meta":{"ngg_post_thumbnail":0},"yoast_head":"<!-- This site is optimized with the Yoast SEO plugin v19.14 - https:\/\/yoast.com\/wordpress\/plugins\/seo\/ -->\n<title>Hist\u00f3rico - Beluco<\/title>\n<meta name=\"robots\" content=\"index, follow, max-snippet:-1, max-image-preview:large, max-video-preview:-1\" \/>\n<link rel=\"canonical\" href=\"https:\/\/beluco.ind.br\/site\/a-empresa\/\" \/>\n<meta property=\"og:locale\" content=\"pt_BR\" \/>\n<meta property=\"og:type\" content=\"article\" \/>\n<meta property=\"og:title\" content=\"Hist\u00f3rico - Beluco\" \/>\n<meta property=\"og:description\" content=\"...\" \/>\n<meta property=\"og:url\" content=\"https:\/\/beluco.ind.br\/site\/a-empresa\/\" \/>\n<meta property=\"og:site_name\" content=\"Beluco\" \/>\n<meta property=\"article:modified_time\" content=\"2012-09-18T14:57:21+00:00\" \/>\n<meta property=\"og:image\" content=\"http:\/\/www.beluco.ind.br\/extras\/3.jpg\" \/>\n<meta name=\"twitter:card\" content=\"summary_large_image\" \/>\n<meta name=\"twitter:label1\" content=\"Est. tempo de leitura\" \/>\n\t<meta name=\"twitter:data1\" content=\"2 minutos\" \/>\n<script type=\"application\/ld+json\" class=\"yoast-schema-graph\">{\"@context\":\"https:\/\/schema.org\",\"@graph\":[{\"@type\":\"WebPage\",\"@id\":\"https:\/\/beluco.ind.br\/site\/a-empresa\/\",\"url\":\"https:\/\/beluco.ind.br\/site\/a-empresa\/\",\"name\":\"Hist\u00f3rico - Beluco\",\"isPartOf\":{\"@id\":\"https:\/\/beluco.ind.br\/site\/#website\"},\"datePublished\":\"2012-08-28T17:56:56+00:00\",\"dateModified\":\"2012-09-18T14:57:21+00:00\",\"breadcrumb\":{\"@id\":\"https:\/\/beluco.ind.br\/site\/a-empresa\/#breadcrumb\"},\"inLanguage\":\"pt-BR\",\"potentialAction\":[{\"@type\":\"ReadAction\",\"target\":[\"https:\/\/beluco.ind.br\/site\/a-empresa\/\"]}]},{\"@type\":\"BreadcrumbList\",\"@id\":\"https:\/\/beluco.ind.br\/site\/a-empresa\/#breadcrumb\",\"itemListElement\":[{\"@type\":\"ListItem\",\"position\":1,\"name\":\"Home\",\"item\":\"https:\/\/beluco.ind.br\/site\/\"},{\"@type\":\"ListItem\",\"position\":2,\"name\":\"Hist\u00f3rico\"}]},{\"@type\":\"WebSite\",\"@id\":\"https:\/\/beluco.ind.br\/site\/#website\",\"url\":\"https:\/\/beluco.ind.br\/site\/\",\"name\":\"Beluco\",\"description\":\"Estruturas Met\u00e1licas\",\"potentialAction\":[{\"@type\":\"SearchAction\",\"target\":{\"@type\":\"EntryPoint\",\"urlTemplate\":\"https:\/\/beluco.ind.br\/site\/?s={search_term_string}\"},\"query-input\":\"required name=search_term_string\"}],\"inLanguage\":\"pt-BR\"}]}<\/script>\n<!-- \/ Yoast SEO plugin. -->","yoast_head_json":{"title":"Hist\u00f3rico - Beluco","robots":{"index":"index","follow":"follow","max-snippet":"max-snippet:-1","max-image-preview":"max-image-preview:large","max-video-preview":"max-video-preview:-1"},"canonical":"https:\/\/beluco.ind.br\/site\/a-empresa\/","og_locale":"pt_BR","og_type":"article","og_title":"Hist\u00f3rico - Beluco","og_description":"...","og_url":"https:\/\/beluco.ind.br\/site\/a-empresa\/","og_site_name":"Beluco","article_modified_time":"2012-09-18T14:57:21+00:00","og_image":[{"url":"http:\/\/www.beluco.ind.br\/extras\/3.jpg"}],"twitter_card":"summary_large_image","twitter_misc":{"Est. tempo de leitura":"2 minutos"},"schema":{"@context":"https:\/\/schema.org","@graph":[{"@type":"WebPage","@id":"https:\/\/beluco.ind.br\/site\/a-empresa\/","url":"https:\/\/beluco.ind.br\/site\/a-empresa\/","name":"Hist\u00f3rico - Beluco","isPartOf":{"@id":"https:\/\/beluco.ind.br\/site\/#website"},"datePublished":"2012-08-28T17:56:56+00:00","dateModified":"2012-09-18T14:57:21+00:00","breadcrumb":{"@id":"https:\/\/beluco.ind.br\/site\/a-empresa\/#breadcrumb"},"inLanguage":"pt-BR","potentialAction":[{"@type":"ReadAction","target":["https:\/\/beluco.ind.br\/site\/a-empresa\/"]}]},{"@type":"BreadcrumbList","@id":"https:\/\/beluco.ind.br\/site\/a-empresa\/#breadcrumb","itemListElement":[{"@type":"ListItem","position":1,"name":"Home","item":"https:\/\/beluco.ind.br\/site\/"},{"@type":"ListItem","position":2,"name":"Hist\u00f3rico"}]},{"@type":"WebSite","@id":"https:\/\/beluco.ind.br\/site\/#website","url":"https:\/\/beluco.ind.br\/site\/","name":"Beluco","description":"Estruturas Met\u00e1licas","potentialAction":[{"@type":"SearchAction","target":{"@type":"EntryPoint","urlTemplate":"https:\/\/beluco.ind.br\/site\/?s={search_term_string}"},"query-input":"required name=search_term_string"}],"inLanguage":"pt-BR"}]}},"_links":{"self":[{"href":"https:\/\/beluco.ind.br\/site\/wp-json\/wp\/v2\/pages\/1035"}],"collection":[{"href":"https:\/\/beluco.ind.br\/site\/wp-json\/wp\/v2\/pages"}],"about":[{"href":"https:\/\/beluco.ind.br\/site\/wp-json\/wp\/v2\/types\/page"}],"author":[{"embeddable":true,"href":"https:\/\/beluco.ind.br\/site\/wp-json\/wp\/v2\/users\/1"}],"replies":[{"embeddable":true,"href":"https:\/\/beluco.ind.br\/site\/wp-json\/wp\/v2\/comments?post=1035"}],"version-history":[{"count":0,"href":"https:\/\/beluco.ind.br\/site\/wp-json\/wp\/v2\/pages\/1035\/revisions"}],"wp:attachment":[{"href":"https:\/\/beluco.ind.br\/site\/wp-json\/wp\/v2\/media?parent=1035"}],"curies":[{"name":"wp","href":"https:\/\/api.w.org\/{rel}","templated":true}]}}